{"id":149,"date":"2023-09-24T18:10:38","date_gmt":"2023-09-24T18:10:38","guid":{"rendered":"https:\/\/rexcon.dk\/?page_id=149"},"modified":"2026-01-13T11:19:31","modified_gmt":"2026-01-13T10:19:31","slug":"redeck","status":"publish","type":"page","link":"https:\/\/rexcon.dk\/da\/losninger\/redeck\/","title":{"rendered":"ReDeck"},"content":{"rendered":"<p>[et_pb_section fb_built=&#8221;1&#8243; _builder_version=&#8221;4.22.2&#8243; _module_preset=&#8221;default&#8221; background_color=&#8221;#f0f0f0&#8243; global_colors_info=&#8221;{}&#8221;][et_pb_row column_structure=&#8221;1_2,1_2&#8243; use_custom_gutter=&#8221;on&#8221; gutter_width=&#8221;4&#8243; make_equal=&#8221;on&#8221; module_class=&#8221;verticalalign custom_row&#8221; _builder_version=&#8221;4.22.2&#8243; _module_preset=&#8221;default&#8221; custom_margin=&#8221;10vh||10vh||false|false&#8221; custom_margin_phone=&#8221;10vh||10vh||false|false&#8221; global_colors_info=&#8221;{}&#8221;][et_pb_column type=&#8221;1_2&#8243; module_class=&#8221;verticalalign second-on-mobile&#8221; _builder_version=&#8221;4.22.2&#8243; _module_preset=&#8221;default&#8221; custom_padding=&#8221;|0px|||false|false&#8221; custom_padding_tablet=&#8221;|5%|||false|false&#8221; custom_padding_phone=&#8221;|5%|||false|false&#8221; custom_padding_last_edited=&#8221;on|tablet&#8221; global_colors_info=&#8221;{}&#8221;][et_pb_text _builder_version=&#8221;4.23&#8243; _module_preset=&#8221;default&#8221; global_colors_info=&#8221;{}&#8221;]<\/p>\n<h1>ReDECK \u2013 VORES L\u00d8SNING P\u00c5 TERR\u00c6ND\u00c6K<\/h1>\n<p><span>ReDECK er et banebrydende, b\u00e6rende og modul\u00e6rt gulvsystem designet til installation p\u00e5 p\u00e6lefundamenter \/ skruefundamenter (fundament medf\u00f8lger ikke). N\u00e5r systemet er samlet, fungerer ReDECK som et h\u00e6vet terr\u00e6nd\u00e6k, komplet med pr\u00e6-lavede huller til nem indbl\u00e6sning af l\u00f8s isolering.<\/span><\/p>\n<p><span>Systemets underside er omhyggeligt bekl\u00e6dt for at fungere som den endelige udvendige overflade, velegnet til udend\u00f8rs forhold. P\u00e5 den indvendige side giver en b\u00e6rende tr\u00e6plade et robust undergulv til dit valg af gulvbel\u00e6gning.<\/span><\/p>\n<p><span>Med ReDECK m\u00f8der alsidighed og effektivitet innovation, hvilket g\u00f8r det til en ideel l\u00f8sning til en bred vifte af byggeprojekter.<\/span><\/p>\n<p>[\/et_pb_text][\/et_pb_column][et_pb_column type=&#8221;1_2&#8243; module_class=&#8221;verticalalign first-on-mobile&#8221; _builder_version=&#8221;4.22.2&#8243; _module_preset=&#8221;default&#8221; custom_padding=&#8221;|0px|||false|false&#8221; custom_padding_tablet=&#8221;|5%|||false|false&#8221; custom_padding_phone=&#8221;|5%|||false|false&#8221; custom_padding_last_edited=&#8221;on|tablet&#8221; global_colors_info=&#8221;{}&#8221;][et_pb_image src=&#8221;https:\/\/rexcon.dk\/wp-content\/uploads\/2023\/10\/1-scaled-e1696865197713.jpg&#8221; title_text=&#8221;1&#8243; _builder_version=&#8221;4.22.2&#8243; _module_preset=&#8221;default&#8221; global_colors_info=&#8221;{}&#8221;][\/et_pb_image][\/et_pb_column][\/et_pb_row][et_pb_row column_structure=&#8221;1_2,1_2&#8243; use_custom_gutter=&#8221;on&#8221; gutter_width=&#8221;4&#8243; make_equal=&#8221;on&#8221; module_class=&#8221;verticalalign custom_row&#8221; _builder_version=&#8221;4.22.2&#8243; _module_preset=&#8221;default&#8221; custom_margin=&#8221;10vh||10vh||false|false&#8221; custom_margin_phone=&#8221;10vh||10vh||false|false&#8221; global_colors_info=&#8221;{}&#8221;][et_pb_column type=&#8221;1_2&#8243; module_class=&#8221;verticalalign second-on-mobile&#8221; _builder_version=&#8221;4.22.2&#8243; _module_preset=&#8221;default&#8221; custom_padding=&#8221;|0px|||false|false&#8221; custom_padding_tablet=&#8221;|5%|||false|false&#8221; custom_padding_phone=&#8221;|5%|||false|false&#8221; custom_padding_last_edited=&#8221;on|tablet&#8221; global_colors_info=&#8221;{}&#8221;][et_pb_image src=&#8221;https:\/\/rexcon.dk\/wp-content\/uploads\/2024\/05\/Screenshot_7680x4036_20240514131957_-_Kopi-removebg-preview-e1715692030432.png&#8221; title_text=&#8221;Screenshot_7680x4036_20240514131957_-_Kopi-removebg-preview&#8221; _builder_version=&#8221;4.23&#8243; _module_preset=&#8221;default&#8221; global_colors_info=&#8221;{}&#8221;][\/et_pb_image][\/et_pb_column][et_pb_column type=&#8221;1_2&#8243; _builder_version=&#8221;4.23&#8243; _module_preset=&#8221;default&#8221; global_colors_info=&#8221;{}&#8221;][et_pb_text _builder_version=&#8221;4.23&#8243; _module_preset=&#8221;default&#8221; hover_enabled=&#8221;0&#8243; global_colors_info=&#8221;{}&#8221; sticky_enabled=&#8221;0&#8243;]<\/p>\n<h2>3 ST\u00d8RRELSER PASSER ALLE<\/h2>\n<p>Vores ReDECK gulvkassette system indeholder 3 forskellige st\u00f8rrelser gulvkassetter. Gulvkassetterne er modul\u00e6rt designet med faste m\u00e5l. Det g\u00f8r det nemt at konfigurere dem n\u00e5r man planl\u00e6gger og opbygger terr\u00e6n d\u00e6kket. Med de 3 forskellige st\u00f8rrelser er det muligt at designe stort set alle planl\u00f8sninger for et terr\u00e6n d\u00e6k. Med sandsynlighed ogs\u00e5 et der passer til udformningen af netop dit bygge projekt.<\/p>\n<p>Modul st\u00f8rrelser:<\/p>\n<p>(Type 1212) = 1196 x 1196 mm<\/p>\n<p>(Type 1224) = 1196 x 2396 mm<\/p>\n<p>(Type 2424) = 2396 x 2396 mm<\/p>\n<p>ReDECK systemet er fuldt kompatibelt med ReBLOCK systemet.<br \/>De to systemer kan med fordel sammenbygges i et byggeprojekt.<\/p>\n<p>ReDECK systemet leveres i en fladpakket tilstand p\u00e5 EUR paller. Og skal sammenbygges p\u00e5 byggepladsen.<\/p>\n<p>[\/et_pb_text][\/et_pb_column][\/et_pb_row][et_pb_row column_structure=&#8221;1_2,1_2&#8243; use_custom_gutter=&#8221;on&#8221; gutter_width=&#8221;4&#8243; make_equal=&#8221;on&#8221; module_class=&#8221;verticalalign custom_row&#8221; _builder_version=&#8221;4.22.2&#8243; _module_preset=&#8221;default&#8221; custom_margin=&#8221;10vh||10vh||false|false&#8221; custom_margin_phone=&#8221;10vh||10vh||false|false&#8221; global_colors_info=&#8221;{}&#8221;][et_pb_column type=&#8221;1_2&#8243; module_class=&#8221;verticalalign second-on-mobile&#8221; _builder_version=&#8221;4.22.2&#8243; _module_preset=&#8221;default&#8221; custom_padding=&#8221;|0px|||false|false&#8221; custom_padding_tablet=&#8221;|5%|||false|false&#8221; custom_padding_phone=&#8221;|5%|||false|false&#8221; custom_padding_last_edited=&#8221;on|tablet&#8221; global_colors_info=&#8221;{}&#8221;][et_pb_text _builder_version=&#8221;4.23&#8243; _module_preset=&#8221;default&#8221; global_colors_info=&#8221;{}&#8221;]<\/p>\n<h2>BETON-FRI FUNDERINGSL\u00d8SNING<\/h2>\n<p>Vores ReDECK gulvkassette system er udviklet til at blive monteret p\u00e5 et Skruefundament. Ved at anvende et skruefundament istedet for et mere traditionelt betonfundament, kan der findes store tidsbesparelser under opf\u00f8relsen af projektets terr\u00e6n d\u00e6k. Ydermere reduceres byggeriets CO2 aftryk betydeligt, da man med et skruefundament helt undg\u00e5r brugen af beton.<\/p>\n<p>Bekymringer omkring opstigende radon gasser, grundfugt eller s\u00e5gar vandstigninger er ogs\u00e5 elimineret ved anvendelsen af et skruefundament.<br \/>N\u00e5 ja, og s\u00e5 er et Skruefundament 100% genanvendeligt, til gl\u00e6de for kommende generationer.<\/p>\n<p>[\/et_pb_text][\/et_pb_column][et_pb_column type=&#8221;1_2&#8243; module_class=&#8221;verticalalign first-on-mobile&#8221; _builder_version=&#8221;4.22.2&#8243; _module_preset=&#8221;default&#8221; custom_padding=&#8221;|0px|||false|false&#8221; custom_padding_tablet=&#8221;|5%|||false|false&#8221; custom_padding_phone=&#8221;|5%|||false|false&#8221; custom_padding_last_edited=&#8221;on|tablet&#8221; global_colors_info=&#8221;{}&#8221;][et_pb_image src=&#8221;https:\/\/rexcon.dk\/wp-content\/uploads\/2024\/05\/Billede-14.05.2024-16.33.20-scaled.jpg&#8221; title_text=&#8221;Billede 14.05.2024, 16.33.20&#8243; _builder_version=&#8221;4.23&#8243; _module_preset=&#8221;default&#8221; global_colors_info=&#8221;{}&#8221;][\/et_pb_image][\/et_pb_column][\/et_pb_row][\/et_pb_section]<\/p>","protected":false},"excerpt":{"rendered":"<p>ReDECK \u2013 OUR SOLUTION TO TERRAIN DECKS ReDECK is a cutting-edge load-bearing, elevated modular terrain deck system designed for installation on pile foundations (foundations not included). Once assembled, ReDECK serves as an elevated terrain deck with pre-made holes for effortless placement of loose-fill insulation. The system\u2019s underside is meticulously clad to function as the final [&hellip;]<\/p>","protected":false},"author":1,"featured_media":375,"parent":62,"menu_order":0,"comment_status":"closed","ping_status":"closed","template":"","meta":{"_et_pb_use_builder":"on","_et_pb_old_content":"<!-- wp:divi\/placeholder \/-->","_et_gb_content_width":"","inline_featured_image":false,"_monsterinsights_skip_tracking":false,"_monsterinsights_sitenote_active":false,"_monsterinsights_sitenote_note":"","_monsterinsights_sitenote_category":0,"footnotes":""},"class_list":["post-149","page","type-page","status-publish","has-post-thumbnail","hentry"],"yoast_head":"<!-- This site is optimized with the Yoast SEO plugin v21.4 - https:\/\/yoast.com\/wordpress\/plugins\/seo\/ -->\n<title>REXCON ReDECK - Elevated Modular Terrain Deck System<\/title>\n<meta name=\"description\" content=\"Our Innovative Elevated Modular Terrain Deck System. Versatile, efficient, and designed for outdoor conditions. Learn more about ReDECK.\" \/>\n<meta name=\"robots\" content=\"index, follow, max-snippet:-1, max-image-preview:large, max-video-preview:-1\" \/>\n<link rel=\"canonical\" href=\"https:\/\/rexcon.dk\/da\/losninger\/redeck\/\" \/>\n<meta property=\"og:locale\" content=\"da_DK\" \/>\n<meta property=\"og:type\" content=\"article\" \/>\n<meta property=\"og:title\" content=\"Rexcon ReDECK - Elevated Modular Flooring System\" \/>\n<meta property=\"og:description\" content=\"Our Innovative Elevated Modular Terrain Deck System. Versatile, efficient, and designed for outdoor conditions. Learn more about ReDECK.\" \/>\n<meta property=\"og:url\" content=\"https:\/\/rexcon.dk\/da\/losninger\/redeck\/\" \/>\n<meta property=\"og:site_name\" content=\"Rexcon\" \/>\n<meta property=\"article:publisher\" content=\"https:\/\/www.facebook.com\/Rexconsystem\/\" \/>\n<meta property=\"article:modified_time\" content=\"2026-01-13T10:19:31+00:00\" \/>\n<meta property=\"og:image\" content=\"https:\/\/rexcon.dk\/wp-content\/uploads\/2023\/10\/1-scaled-e1696865197713.jpg\" \/>\n\t<meta property=\"og:image:width\" content=\"499\" \/>\n\t<meta property=\"og:image:height\" content=\"499\" \/>\n\t<meta property=\"og:image:type\" content=\"image\/jpeg\" \/>\n<meta name=\"twitter:card\" content=\"summary_large_image\" \/>\n<meta name=\"twitter:label1\" content=\"Estimeret l\u00e6setid\" \/>\n\t<meta name=\"twitter:data1\" content=\"2 minutter\" \/>\n<script type=\"application\/ld+json\" class=\"yoast-schema-graph\">{\"@context\":\"https:\/\/schema.org\",\"@graph\":[{\"@type\":\"WebPage\",\"@id\":\"https:\/\/rexcon.dk\/solutions\/redeck\/\",\"url\":\"https:\/\/rexcon.dk\/solutions\/redeck\/\",\"name\":\"REXCON ReDECK - Elevated Modular Terrain Deck System\",\"isPartOf\":{\"@id\":\"https:\/\/rexcon.dk\/#website\"},\"datePublished\":\"2023-09-24T18:10:38+00:00\",\"dateModified\":\"2026-01-13T10:19:31+00:00\",\"description\":\"Our Innovative Elevated Modular Terrain Deck System. Versatile, efficient, and designed for outdoor conditions. Learn more about ReDECK.\",\"breadcrumb\":{\"@id\":\"https:\/\/rexcon.dk\/solutions\/redeck\/#breadcrumb\"},\"inLanguage\":\"da-DK\",\"potentialAction\":[{\"@type\":\"ReadAction\",\"target\":[\"https:\/\/rexcon.dk\/solutions\/redeck\/\"]}]},{\"@type\":\"BreadcrumbList\",\"@id\":\"https:\/\/rexcon.dk\/solutions\/redeck\/#breadcrumb\",\"itemListElement\":[{\"@type\":\"ListItem\",\"position\":1,\"name\":\"Home\",\"item\":\"https:\/\/rexcon.dk\/\"},{\"@type\":\"ListItem\",\"position\":2,\"name\":\"Solution\",\"item\":\"https:\/\/rexcon.dk\/solutions\/\"},{\"@type\":\"ListItem\",\"position\":3,\"name\":\"ReDeck\"}]},{\"@type\":\"WebSite\",\"@id\":\"https:\/\/rexcon.dk\/#website\",\"url\":\"https:\/\/rexcon.dk\/\",\"name\":\"Rexcon.dk\",\"description\":\"- building a better tomorrow\",\"publisher\":{\"@id\":\"https:\/\/rexcon.dk\/#organization\"},\"potentialAction\":[{\"@type\":\"SearchAction\",\"target\":{\"@type\":\"EntryPoint\",\"urlTemplate\":\"https:\/\/rexcon.dk\/?s={search_term_string}\"},\"query-input\":\"required name=search_term_string\"}],\"inLanguage\":\"da-DK\"},{\"@type\":\"Organization\",\"@id\":\"https:\/\/rexcon.dk\/#organization\",\"name\":\"Rexcon.dk\",\"url\":\"https:\/\/rexcon.dk\/\",\"logo\":{\"@type\":\"ImageObject\",\"inLanguage\":\"da-DK\",\"@id\":\"https:\/\/rexcon.dk\/#\/schema\/logo\/image\/\",\"url\":\"https:\/\/rexcon.dk\/wp-content\/uploads\/2023\/09\/REXCON_logo.png\",\"contentUrl\":\"https:\/\/rexcon.dk\/wp-content\/uploads\/2023\/09\/REXCON_logo.png\",\"width\":930,\"height\":273,\"caption\":\"Rexcon.dk\"},\"image\":{\"@id\":\"https:\/\/rexcon.dk\/#\/schema\/logo\/image\/\"},\"sameAs\":[\"https:\/\/www.facebook.com\/Rexconsystem\/\",\"https:\/\/linkedin.com\/company\/rexcon-system\"]}]}<\/script>\n<!-- \/ Yoast SEO plugin. -->","yoast_head_json":{"title":"REXCON ReDECK - Elevated Modular Terrain Deck System","description":"Our Innovative Elevated Modular Terrain Deck System. Versatile, efficient, and designed for outdoor conditions. Learn more about ReDECK.","robots":{"index":"index","follow":"follow","max-snippet":"max-snippet:-1","max-image-preview":"max-image-preview:large","max-video-preview":"max-video-preview:-1"},"canonical":"https:\/\/rexcon.dk\/da\/losninger\/redeck\/","og_locale":"da_DK","og_type":"article","og_title":"Rexcon ReDECK - Elevated Modular Flooring System","og_description":"Our Innovative Elevated Modular Terrain Deck System. Versatile, efficient, and designed for outdoor conditions. Learn more about ReDECK.","og_url":"https:\/\/rexcon.dk\/da\/losninger\/redeck\/","og_site_name":"Rexcon","article_publisher":"https:\/\/www.facebook.com\/Rexconsystem\/","article_modified_time":"2026-01-13T10:19:31+00:00","og_image":[{"width":499,"height":499,"url":"https:\/\/rexcon.dk\/wp-content\/uploads\/2023\/10\/1-scaled-e1696865197713.jpg","type":"image\/jpeg"}],"twitter_card":"summary_large_image","twitter_misc":{"Estimeret l\u00e6setid":"2 minutter"},"schema":{"@context":"https:\/\/schema.org","@graph":[{"@type":"WebPage","@id":"https:\/\/rexcon.dk\/solutions\/redeck\/","url":"https:\/\/rexcon.dk\/solutions\/redeck\/","name":"REXCON ReDECK - Elevated Modular Terrain Deck System","isPartOf":{"@id":"https:\/\/rexcon.dk\/#website"},"datePublished":"2023-09-24T18:10:38+00:00","dateModified":"2026-01-13T10:19:31+00:00","description":"Our Innovative Elevated Modular Terrain Deck System. Versatile, efficient, and designed for outdoor conditions. Learn more about ReDECK.","breadcrumb":{"@id":"https:\/\/rexcon.dk\/solutions\/redeck\/#breadcrumb"},"inLanguage":"da-DK","potentialAction":[{"@type":"ReadAction","target":["https:\/\/rexcon.dk\/solutions\/redeck\/"]}]},{"@type":"BreadcrumbList","@id":"https:\/\/rexcon.dk\/solutions\/redeck\/#breadcrumb","itemListElement":[{"@type":"ListItem","position":1,"name":"Home","item":"https:\/\/rexcon.dk\/"},{"@type":"ListItem","position":2,"name":"Solution","item":"https:\/\/rexcon.dk\/solutions\/"},{"@type":"ListItem","position":3,"name":"ReDeck"}]},{"@type":"WebSite","@id":"https:\/\/rexcon.dk\/#website","url":"https:\/\/rexcon.dk\/","name":"Rexcon.dk","description":"- building a better tomorrow","publisher":{"@id":"https:\/\/rexcon.dk\/#organization"},"potentialAction":[{"@type":"SearchAction","target":{"@type":"EntryPoint","urlTemplate":"https:\/\/rexcon.dk\/?s={search_term_string}"},"query-input":"required name=search_term_string"}],"inLanguage":"da-DK"},{"@type":"Organization","@id":"https:\/\/rexcon.dk\/#organization","name":"Rexcon.dk","url":"https:\/\/rexcon.dk\/","logo":{"@type":"ImageObject","inLanguage":"da-DK","@id":"https:\/\/rexcon.dk\/#\/schema\/logo\/image\/","url":"https:\/\/rexcon.dk\/wp-content\/uploads\/2023\/09\/REXCON_logo.png","contentUrl":"https:\/\/rexcon.dk\/wp-content\/uploads\/2023\/09\/REXCON_logo.png","width":930,"height":273,"caption":"Rexcon.dk"},"image":{"@id":"https:\/\/rexcon.dk\/#\/schema\/logo\/image\/"},"sameAs":["https:\/\/www.facebook.com\/Rexconsystem\/","https:\/\/linkedin.com\/company\/rexcon-system"]}]}},"_links":{"self":[{"href":"https:\/\/rexcon.dk\/da\/wp-json\/wp\/v2\/pages\/149","targetHints":{"allow":["GET"]}}],"collection":[{"href":"https:\/\/rexcon.dk\/da\/wp-json\/wp\/v2\/pages"}],"about":[{"href":"https:\/\/rexcon.dk\/da\/wp-json\/wp\/v2\/types\/page"}],"author":[{"embeddable":true,"href":"https:\/\/rexcon.dk\/da\/wp-json\/wp\/v2\/users\/1"}],"replies":[{"embeddable":true,"href":"https:\/\/rexcon.dk\/da\/wp-json\/wp\/v2\/comments?post=149"}],"version-history":[{"count":21,"href":"https:\/\/rexcon.dk\/da\/wp-json\/wp\/v2\/pages\/149\/revisions"}],"predecessor-version":[{"id":1491,"href":"https:\/\/rexcon.dk\/da\/wp-json\/wp\/v2\/pages\/149\/revisions\/1491"}],"up":[{"embeddable":true,"href":"https:\/\/rexcon.dk\/da\/wp-json\/wp\/v2\/pages\/62"}],"wp:featuredmedia":[{"embeddable":true,"href":"https:\/\/rexcon.dk\/da\/wp-json\/wp\/v2\/media\/375"}],"wp:attachment":[{"href":"https:\/\/rexcon.dk\/da\/wp-json\/wp\/v2\/media?parent=149"}],"curies":[{"name":"wp","href":"https:\/\/api.w.org\/{rel}","templated":true}]}}